{"id":63,"date":"2022-07-17T20:54:08","date_gmt":"2022-07-17T18:54:08","guid":{"rendered":"https:\/\/ekeviken.se\/port\/?page_id=63"},"modified":"2022-07-17T22:15:58","modified_gmt":"2022-07-17T20:15:58","slug":"two-columns","status":"publish","type":"page","link":"https:\/\/ekeviken.se\/port\/two-columns\/","title":{"rendered":"Two columns"},"content":{"rendered":"\n<p>enligt detta: https:\/\/www.youtube.com\/watch?v=6ErSMVyTzbg  &#8211; kl 2.30 &#8211; 6:15<br>Plustecknet &#8211; Kolumner -align\/justera (egen meny ovanf\u00f6r) v\u00e4lj full sida &#8211; kolumner 50\/50. <br>Nu finns tv\u00e5 spaltblock intill varandra.<br>Shift + alt + O = Listvy, eller tre snedst\u00e4llda streck, v\u00e4lj Listvy &#8211; d\u00e4r kan man ta bort det objekt man markerat.<\/p>\n\n\n\n<div class=\"wp-block-columns alignfull is-layout-flex wp-container-core-columns-is-layout-28f84493 wp-block-columns-is-layout-flex\">\n<div class=\"wp-block-column is-layout-flow wp-block-column-is-layout-flow\">\n<figure class=\"wp-block-image size-large\"><img loading=\"lazy\" decoding=\"async\" width=\"1200\" height=\"583\" src=\"https:\/\/ekeviken.se\/port\/wp-content\/uploads\/2022\/07\/EKI_A_0_orig_20220127_134635-1200x583.jpg\" alt=\"\" class=\"wp-image-64\" srcset=\"https:\/\/ekeviken.se\/port\/wp-content\/uploads\/2022\/07\/EKI_A_0_orig_20220127_134635-1200x583.jpg 1200w, https:\/\/ekeviken.se\/port\/wp-content\/uploads\/2022\/07\/EKI_A_0_orig_20220127_134635-scaled-600x292.jpg 600w, https:\/\/ekeviken.se\/port\/wp-content\/uploads\/2022\/07\/EKI_A_0_orig_20220127_134635-640x311.jpg 640w, https:\/\/ekeviken.se\/port\/wp-content\/uploads\/2022\/07\/EKI_A_0_orig_20220127_134635-768x373.jpg 768w, https:\/\/ekeviken.se\/port\/wp-content\/uploads\/2022\/07\/EKI_A_0_orig_20220127_134635-1536x747.jpg 1536w, https:\/\/ekeviken.se\/port\/wp-content\/uploads\/2022\/07\/EKI_A_0_orig_20220127_134635-2048x996.jpg 2048w, https:\/\/ekeviken.se\/port\/wp-content\/uploads\/2022\/07\/EKI_A_0_orig_20220127_134635-1240x603.jpg 1240w, https:\/\/ekeviken.se\/port\/wp-content\/uploads\/2022\/07\/EKI_A_0_orig_20220127_134635-508x247.jpg 508w\" sizes=\"auto, (max-width: 1200px) 100vw, 1200px\" \/><\/figure>\n<\/div>\n\n\n\n<div class=\"wp-block-column is-layout-flow wp-block-column-is-layout-flow\">\n<figure class=\"wp-block-image size-large\"><img loading=\"lazy\" decoding=\"async\" width=\"1200\" height=\"583\" src=\"https:\/\/ekeviken.se\/port\/wp-content\/uploads\/2022\/07\/20220127_133028-1200x583.jpg\" alt=\"\" class=\"wp-image-65\" srcset=\"https:\/\/ekeviken.se\/port\/wp-content\/uploads\/2022\/07\/20220127_133028-1200x583.jpg 1200w, https:\/\/ekeviken.se\/port\/wp-content\/uploads\/2022\/07\/20220127_133028-scaled-600x292.jpg 600w, https:\/\/ekeviken.se\/port\/wp-content\/uploads\/2022\/07\/20220127_133028-640x311.jpg 640w, https:\/\/ekeviken.se\/port\/wp-content\/uploads\/2022\/07\/20220127_133028-768x373.jpg 768w, https:\/\/ekeviken.se\/port\/wp-content\/uploads\/2022\/07\/20220127_133028-1536x747.jpg 1536w, https:\/\/ekeviken.se\/port\/wp-content\/uploads\/2022\/07\/20220127_133028-2048x996.jpg 2048w, https:\/\/ekeviken.se\/port\/wp-content\/uploads\/2022\/07\/20220127_133028-1240x603.jpg 1240w, https:\/\/ekeviken.se\/port\/wp-content\/uploads\/2022\/07\/20220127_133028-508x247.jpg 508w\" sizes=\"auto, (max-width: 1200px) 100vw, 1200px\" \/><\/figure>\n<\/div>\n<\/div>\n\n\n\n<div class=\"wp-block-columns alignfull is-layout-flex wp-container-core-columns-is-layout-28f84493 wp-block-columns-is-layout-flex\">\n<div class=\"wp-block-column is-vertically-aligned-center is-layout-flow wp-block-column-is-layout-flow\">\n<figure class=\"wp-block-embed is-type-video is-provider-youtube wp-block-embed-youtube wp-embed-aspect-16-9 wp-has-aspect-ratio\"><div class=\"wp-block-embed__wrapper\">\n<iframe loading=\"lazy\" title=\"Insektshotell\" width=\"1290\" height=\"726\" src=\"https:\/\/www.youtube.com\/embed\/pCIIngyjerU?feature=oembed\" frameborder=\"0\" allow=\"accelerometer; autoplay; clipboard-write; encrypted-media; gyroscope; picture-in-picture; web-share\" allowfullscreen><\/iframe>\n<\/div><figcaption><strong>Liv i luckan p\u00e5 insektshotellet<\/strong><\/figcaption><\/figure>\n<\/div>\n\n\n\n<div class=\"wp-block-column is-vertically-aligned-center is-layout-flow wp-block-column-is-layout-flow\">\n<figure class=\"wp-block-embed is-type-video is-provider-youtube wp-block-embed-youtube wp-embed-aspect-4-3 wp-has-aspect-ratio\"><div class=\"wp-block-embed__wrapper\">\n<iframe loading=\"lazy\" title=\"Ystadsv\u00e5gor\" width=\"1290\" height=\"968\" src=\"https:\/\/www.youtube.com\/embed\/Vf7mwKsDPnA?feature=oembed\" frameborder=\"0\" allow=\"accelerometer; autoplay; clipboard-write; encrypted-media; gyroscope; picture-in-picture; web-share\" allowfullscreen><\/iframe>\n<\/div><figcaption><strong>Ystadsv\u00e5gor<\/strong><\/figcaption><\/figure>\n<\/div>\n<\/div>\n\n\n\n<p>Sen forts\u00e4tter vi kl 6:15 <br>Om det ligger kvar n\u00e5got som du inte kan ta bort men heller inte syns: Edit page &#8211; Page options -v\u00e4lj i den  h\u00f6germenyn: Featured image &#8211; Remove featured image section (alla teman g\u00e5r inte med p\u00e5 det. Update! s\u00e5 \u00e4ndringen stannar. Du kan ocks\u00e5 g\u00f6ra det motsatta &#8211; l\u00e4gga till en Featured image \u00f6verst p\u00e5 sidan.<br>xxxxxxxxx<br>Forts\u00e4tter kl 7.30<br>Nu ska vi l\u00e4gga till en paragraph block &#8211; V\u00e4lj det och klistra in din textmassa. G\u00e5 nu till menyn t h och v\u00e4lj Drop &#8211; cap. D\u00e5 blir den f\u00f6rsta bokstaven st\u00f6rre och t\u00e4cker flera rader. Snyggt?<br>Nu forts\u00e4tter vi kl 10.30 f\u00f6r lite extrainst\u00e4llningar i h\u00f6germenyn &#8211; Page settings.<br>Page settings<br>Visibility &#8211; Public &#8211; Private &#8211; Password Protected<br>N\u00e4r vill du publicera &#8211; St\u00e4ll in och det publiceras p\u00e5 den angivna tiden.<br>Permalinken \u00e4r alltid din fulla adress, men det kan du \u00e4ndra p\u00e5. Men det \u00e4r lite mer avancerat,<br>Byt nu flik till Block settings &#8211; h\u00e4r kan du ocks\u00e5 fixa lite med bilderna, rundade h\u00f6rn te x<br><\/p>\n","protected":false},"excerpt":{"rendered":"<p>enligt detta: https:\/\/www.youtube.com\/watch?v=6ErSMVyTzbg &#8211; kl 2.30 &#8211; 6:15Plustecknet &#8211; Kolumner -align\/justera (egen meny ovanf\u00f6r) v\u00e4lj full sida &#8211; kolumner 50\/50. Nu finns tv\u00e5 spaltblock intill varandra.Shift + alt + O = Listvy, eller tre snedst\u00e4llda streck, v\u00e4lj Listvy &#8211; d\u00e4r kan man ta bort det objekt man markerat. Sen forts\u00e4tter vi kl 6:15 Om det ligger kvar n\u00e5got som du inte kan ta bort men heller inte syns: Edit page &#8211; Page options -v\u00e4lj i den h\u00f6germenyn: Featured image &#8211; Remove featured image section (alla teman g\u00e5r inte med p\u00e5 det. Update! s\u00e5 \u00e4ndringen stannar. Du kan ocks\u00e5 g\u00f6ra det\u2026<\/p>\n","protected":false},"author":1,"featured_media":0,"parent":0,"menu_order":0,"comment_status":"closed","ping_status":"closed","template":"","meta":{"footnotes":""},"class_list":["post-63","page","type-page","status-publish","hentry"],"blocksy_meta":{"styles_descriptor":{"styles":{"desktop":"","tablet":"","mobile":""},"google_fonts":[],"version":5}},"_links":{"self":[{"href":"https:\/\/ekeviken.se\/port\/wp-json\/wp\/v2\/pages\/63","targetHints":{"allow":["GET"]}}],"collection":[{"href":"https:\/\/ekeviken.se\/port\/wp-json\/wp\/v2\/pages"}],"about":[{"href":"https:\/\/ekeviken.se\/port\/wp-json\/wp\/v2\/types\/page"}],"author":[{"embeddable":true,"href":"https:\/\/ekeviken.se\/port\/wp-json\/wp\/v2\/users\/1"}],"replies":[{"embeddable":true,"href":"https:\/\/ekeviken.se\/port\/wp-json\/wp\/v2\/comments?post=63"}],"version-history":[{"count":8,"href":"https:\/\/ekeviken.se\/port\/wp-json\/wp\/v2\/pages\/63\/revisions"}],"predecessor-version":[{"id":100,"href":"https:\/\/ekeviken.se\/port\/wp-json\/wp\/v2\/pages\/63\/revisions\/100"}],"wp:attachment":[{"href":"https:\/\/ekeviken.se\/port\/wp-json\/wp\/v2\/media?parent=63"}],"curies":[{"name":"wp","href":"https:\/\/api.w.org\/{rel}","templated":true}]}}