{"id":123,"date":"2023-01-02T23:15:45","date_gmt":"2023-01-02T22:15:45","guid":{"rendered":"https:\/\/ekeviken.se\/port\/?post_type=product&#038;p=123"},"modified":"2023-01-04T22:45:54","modified_gmt":"2023-01-04T21:45:54","slug":"natpase","status":"publish","type":"product","link":"https:\/\/ekeviken.se\/port\/product\/natpase\/","title":{"rendered":"N\u00e4tp\u00e5se (1)"},"content":{"rendered":"<p>&nbsp;<\/p>\n<p>&nbsp;<\/p>\n<p>Tv\u00e5lp\u00e5sen h\u00e4nger inne i duschen eller \u00f6ver badkaret.<br \/>\nTv\u00e5len blir fuktig n\u00e4r vattnet kommer p\u00e5 p\u00e5sen och kan d\u00e5 anv\u00e4ndas p\u00e5 vanligt s\u00e4tt d\u00e4r den h\u00e4nger.<br \/>\nTorkar inf\u00f6r n\u00e4sta dusch.<br \/>\nSnyggt, praktiskt, ekonomiskt anv\u00e4ndande av tv\u00e5len<\/p>\n","protected":false},"excerpt":{"rendered":"<p>Med denna p\u00e5se f\u00f6r tv\u00e5len f\u00e5r du en ren och torr tv\u00e5l varje g\u00e5ng du ska duscha!<\/p>\n","protected":false},"featured_media":125,"comment_status":"closed","ping_status":"closed","template":"","meta":[],"product_cat":[22],"product_tag":[],"class_list":["post-123","product","type-product","status-publish","has-post-thumbnail","hentry","product_cat-natpasar"],"_links":{"self":[{"href":"https:\/\/ekeviken.se\/port\/wp-json\/wp\/v2\/product\/123","targetHints":{"allow":["GET"]}}],"collection":[{"href":"https:\/\/ekeviken.se\/port\/wp-json\/wp\/v2\/product"}],"about":[{"href":"https:\/\/ekeviken.se\/port\/wp-json\/wp\/v2\/types\/product"}],"replies":[{"embeddable":true,"href":"https:\/\/ekeviken.se\/port\/wp-json\/wp\/v2\/comments?post=123"}],"wp:featuredmedia":[{"embeddable":true,"href":"https:\/\/ekeviken.se\/port\/wp-json\/wp\/v2\/media\/125"}],"wp:attachment":[{"href":"https:\/\/ekeviken.se\/port\/wp-json\/wp\/v2\/media?parent=123"}],"wp:term":[{"taxonomy":"product_cat","embeddable":true,"href":"https:\/\/ekeviken.se\/port\/wp-json\/wp\/v2\/product_cat?post=123"},{"taxonomy":"product_tag","embeddable":true,"href":"https:\/\/ekeviken.se\/port\/wp-json\/wp\/v2\/product_tag?post=123"}],"curies":[{"name":"wp","href":"https:\/\/api.w.org\/{rel}","templated":true}]}}