{"id":132,"date":"2023-01-04T18:38:33","date_gmt":"2023-01-04T17:38:33","guid":{"rendered":"https:\/\/ekeviken.se\/port\/?post_type=product&#038;p=132"},"modified":"2023-01-04T21:18:30","modified_gmt":"2023-01-04T20:18:30","slug":"bok-ensamkommande","status":"publish","type":"product","link":"https:\/\/ekeviken.se\/port\/product\/bok-ensamkommande\/","title":{"rendered":"Bok: Ensamkommande"},"content":{"rendered":"<p><img loading=\"lazy\" decoding=\"async\" class=\"alignnone size-medium wp-image-133\" src=\"https:\/\/ekeviken.se\/port\/wp-content\/uploads\/2023\/01\/DSC_0489x-406x640.jpg\" alt=\"Bok\" width=\"406\" height=\"640\" srcset=\"https:\/\/ekeviken.se\/port\/wp-content\/uploads\/2023\/01\/DSC_0489x-406x640.jpg 406w, https:\/\/ekeviken.se\/port\/wp-content\/uploads\/2023\/01\/DSC_0489x-761x1200.jpg 761w, https:\/\/ekeviken.se\/port\/wp-content\/uploads\/2023\/01\/DSC_0489x-768x1212.jpg 768w, https:\/\/ekeviken.se\/port\/wp-content\/uploads\/2023\/01\/DSC_0489x-600x947.jpg 600w, https:\/\/ekeviken.se\/port\/wp-content\/uploads\/2023\/01\/DSC_0489x.jpg 800w\" sizes=\"auto, (max-width: 406px) 100vw, 406px\" \/><\/p>\n","protected":false},"excerpt":{"rendered":"<p>2016 var en intensiv period d\u00e5 det kom m\u00e5nga ensamkommande barn och ungdomar till Sverige. D\u00e5 skrevs denna bok. Det kommer fortfarande m\u00e5nga ensamkommande barn, men inte i samma omfattning. L\u00e4s boken och anpassa den till d\u00e4r du \u00e4r idag.<\/p>\n","protected":false},"featured_media":133,"comment_status":"closed","ping_status":"closed","template":"","meta":[],"product_cat":[24],"product_tag":[],"class_list":["post-132","product","type-product","status-publish","has-post-thumbnail","hentry","product_cat-skrivet"],"_links":{"self":[{"href":"https:\/\/ekeviken.se\/port\/wp-json\/wp\/v2\/product\/132","targetHints":{"allow":["GET"]}}],"collection":[{"href":"https:\/\/ekeviken.se\/port\/wp-json\/wp\/v2\/product"}],"about":[{"href":"https:\/\/ekeviken.se\/port\/wp-json\/wp\/v2\/types\/product"}],"replies":[{"embeddable":true,"href":"https:\/\/ekeviken.se\/port\/wp-json\/wp\/v2\/comments?post=132"}],"wp:featuredmedia":[{"embeddable":true,"href":"https:\/\/ekeviken.se\/port\/wp-json\/wp\/v2\/media\/133"}],"wp:attachment":[{"href":"https:\/\/ekeviken.se\/port\/wp-json\/wp\/v2\/media?parent=132"}],"wp:term":[{"taxonomy":"product_cat","embeddable":true,"href":"https:\/\/ekeviken.se\/port\/wp-json\/wp\/v2\/product_cat?post=132"},{"taxonomy":"product_tag","embeddable":true,"href":"https:\/\/ekeviken.se\/port\/wp-json\/wp\/v2\/product_tag?post=132"}],"curies":[{"name":"wp","href":"https:\/\/api.w.org\/{rel}","templated":true}]}}