{"id":138,"date":"2023-01-04T22:13:29","date_gmt":"2023-01-04T21:13:29","guid":{"rendered":"https:\/\/ekeviken.se\/port\/?post_type=product&#038;p=138"},"modified":"2023-01-04T22:43:02","modified_gmt":"2023-01-04T21:43:02","slug":"gor-ditt-finaste-smycke","status":"publish","type":"product","link":"https:\/\/ekeviken.se\/port\/product\/gor-ditt-finaste-smycke\/","title":{"rendered":"G\u00f6r ditt finaste smycke &#8211; pdf (3)"},"content":{"rendered":"<figure id=\"attachment_22\" aria-describedby=\"caption-attachment-22\" style=\"width: 600px\" class=\"wp-caption alignnone\"><img loading=\"lazy\" decoding=\"async\" class=\"size-full wp-image-22\" src=\"https:\/\/ekeviken.se\/port\/wp-content\/uploads\/2022\/01\/20200123_140955x.jpg\" alt=\"julkula\" width=\"600\" height=\"609\" \/><figcaption id=\"caption-attachment-22\" class=\"wp-caption-text\">julkula<\/figcaption><\/figure>\n","protected":false},"excerpt":{"rendered":"<p>Ett smycke som du gjort sj\u00e4lv. Ladda ner instruktionen s\u00e5 \u00e4r det bara att s\u00e4tta ig\u00e5ng.<\/p>\n","protected":false},"featured_media":22,"comment_status":"closed","ping_status":"closed","template":"","meta":[],"product_cat":[20],"product_tag":[],"class_list":["post-138","product","type-product","status-publish","has-post-thumbnail","hentry","product_cat-uncategorized"],"_links":{"self":[{"href":"https:\/\/ekeviken.se\/port\/wp-json\/wp\/v2\/product\/138","targetHints":{"allow":["GET"]}}],"collection":[{"href":"https:\/\/ekeviken.se\/port\/wp-json\/wp\/v2\/product"}],"about":[{"href":"https:\/\/ekeviken.se\/port\/wp-json\/wp\/v2\/types\/product"}],"replies":[{"embeddable":true,"href":"https:\/\/ekeviken.se\/port\/wp-json\/wp\/v2\/comments?post=138"}],"wp:featuredmedia":[{"embeddable":true,"href":"https:\/\/ekeviken.se\/port\/wp-json\/wp\/v2\/media\/22"}],"wp:attachment":[{"href":"https:\/\/ekeviken.se\/port\/wp-json\/wp\/v2\/media?parent=138"}],"wp:term":[{"taxonomy":"product_cat","embeddable":true,"href":"https:\/\/ekeviken.se\/port\/wp-json\/wp\/v2\/product_cat?post=138"},{"taxonomy":"product_tag","embeddable":true,"href":"https:\/\/ekeviken.se\/port\/wp-json\/wp\/v2\/product_tag?post=138"}],"curies":[{"name":"wp","href":"https:\/\/api.w.org\/{rel}","templated":true}]}}